{"id":1534,"date":"2015-08-10T13:15:36","date_gmt":"2015-08-10T12:15:36","guid":{"rendered":"https:\/\/www.capsinternational.com\/product\/innowacyjny-system-zatrzaskow-bungcloser\/"},"modified":"2024-04-19T14:30:37","modified_gmt":"2024-04-19T13:30:37","slug":"innowacyjny-system-zatrzaskow-bungcloser","status":"publish","type":"product","link":"https:\/\/www.capsinternational.com\/pl\/produkt\/innowacyjny-system-zatrzaskow-bungcloser\/","title":{"rendered":"Innowacyjny system klips\u00f3w do zamykania jelita cienkiego"},"content":{"rendered":"<ul>\n<li>Numer artyku\u0142u 1408<\/li>\n<li>Kod HS 3926909790<\/li>\n<li>Nowy, innowacyjny system klips\u00f3w<\/li>\n<li>Do bardzo szczelnego zamykania jelita cienkiego.<\/li>\n<li>Materia\u0142: LDPE<\/li>\n<li>Wymiary: 49 x 30 cm<\/li>\n<\/ul>\n","protected":false},"excerpt":{"rendered":"<h4>ZAMKNI\u0118CIE JELITA CIENKIEGO I BLOKADA MOCZU Z SYSTEMEM SK\u0141ADAJ\u0104CYM SI\u0118 ZE SZNURKA I KLIPSA<\/h4>\n<p>Dzi\u0119ki bardzo wytrzyma\u0142emu systemowi sk\u0142adaj\u0105cemu si\u0119 ze sznurka i klipsa jest to jeden z najbezpieczniejszych i najszybszych system\u00f3w zamykania jelita cienkiego i blokowania moczu.<\/p>\n<p>Dostarczane produkty s\u0105 zamkni\u0119te w perforowanym opakowaniu zawieraj\u0105cym 50 sztuk, dlatego s\u0105 \u0142atwe do zawieszenia i u\u017cycia.<\/p>\n<div style=\"width: 1080px;\" class=\"wp-video\"><!--[if lt IE 9]><script>document.createElement('video');<\/script><![endif]-->\n<video class=\"wp-video-shortcode\" id=\"video-1534-1\" width=\"1080\" height=\"608\" preload=\"metadata\" controls=\"controls\"><source type=\"video\/mp4\" src=\"https:\/\/www.capsinternational.com\/wp-content\/uploads\/2022\/02\/Caps_instructie_video_v1.0.mp4?_=1\" \/><a href=\"https:\/\/www.capsinternational.com\/wp-content\/uploads\/2022\/02\/Caps_instructie_video_v1.0.mp4\">https:\/\/www.capsinternational.com\/wp-content\/uploads\/2022\/02\/Caps_instructie_video_v1.0.mp4<\/a><\/video><\/div>\n","protected":false},"featured_media":1104,"template":"","meta":{"_et_pb_use_builder":"","_et_pb_old_content":"","_et_gb_content_width":"","_monsterinsights_skip_tracking":false,"_monsterinsights_sitenote_active":false,"_monsterinsights_sitenote_note":"","_monsterinsights_sitenote_category":0},"product_cat":[58],"product_tag":[],"_links":{"self":[{"href":"https:\/\/www.capsinternational.com\/pl\/wp-json\/wp\/v2\/product\/1534"}],"collection":[{"href":"https:\/\/www.capsinternational.com\/pl\/wp-json\/wp\/v2\/product"}],"about":[{"href":"https:\/\/www.capsinternational.com\/pl\/wp-json\/wp\/v2\/types\/product"}],"wp:featuredmedia":[{"embeddable":true,"href":"https:\/\/www.capsinternational.com\/pl\/wp-json\/wp\/v2\/media\/1104"}],"wp:attachment":[{"href":"https:\/\/www.capsinternational.com\/pl\/wp-json\/wp\/v2\/media?parent=1534"}],"wp:term":[{"taxonomy":"product_cat","embeddable":true,"href":"https:\/\/www.capsinternational.com\/pl\/wp-json\/wp\/v2\/product_cat?post=1534"},{"taxonomy":"product_tag","embeddable":true,"href":"https:\/\/www.capsinternational.com\/pl\/wp-json\/wp\/v2\/product_tag?post=1534"}],"curies":[{"name":"wp","href":"https:\/\/api.w.org\/{rel}","templated":true}]}}