{"id":1531,"date":"2015-09-25T10:59:29","date_gmt":"2015-09-25T09:59:29","guid":{"rendered":"https:\/\/www.capsinternational.com\/product\/bungcloser-classic-clipsystem-niebieski\/"},"modified":"2024-04-19T13:33:21","modified_gmt":"2024-04-19T12:33:21","slug":"bungcloser-classic-clipsystem-niebieski","status":"publish","type":"product","link":"https:\/\/www.capsinternational.com\/pl\/produkt\/bungcloser-classic-clipsystem-niebieski\/","title":{"rendered":"Klasyczny system klips\u00f3w do zamykanie jelita cienkiego \u2013 niebieski"},"content":{"rendered":"<ul>\n<li>Numer artyku\u0142u 1411<\/li>\n<li>Kod HS 3926909790<\/li>\n<li>Opakowanie 2000 sztuk<\/li>\n<li>Wymiary 49 cm x 30 cm x 0,03 mm<\/li>\n<li>Materia\u0142 LDPE<\/li>\n<li>Kolor niebieski<\/li>\n<li>Wy\u0142\u0105cznie od Caps International<\/li>\n<li>Minimalne zam\u00f3wienie: 250.000<\/li>\n<\/ul>\n","protected":false},"excerpt":{"rendered":"<p>50 sztuk w opakowaniu. Ryflowane i perforowane, \u0142atwe w u\u017cyciu. Minimalne zam\u00f3wienie 250.000.<\/p>\n<div style=\"width: 1080px;\" class=\"wp-video\"><!--[if lt IE 9]><script>document.createElement('video');<\/script><![endif]-->\n<video class=\"wp-video-shortcode\" id=\"video-1531-1\" width=\"1080\" height=\"608\" preload=\"metadata\" controls=\"controls\"><source type=\"video\/mp4\" src=\"https:\/\/www.capsinternational.com\/wp-content\/uploads\/2022\/02\/Caps_instructie_video_v1.0.mp4?_=1\" \/><a href=\"https:\/\/www.capsinternational.com\/wp-content\/uploads\/2022\/02\/Caps_instructie_video_v1.0.mp4\">https:\/\/www.capsinternational.com\/wp-content\/uploads\/2022\/02\/Caps_instructie_video_v1.0.mp4<\/a><\/video><\/div>\n","protected":false},"featured_media":1128,"template":"","meta":{"_et_pb_use_builder":"","_et_pb_old_content":"","_et_gb_content_width":"","_monsterinsights_skip_tracking":false,"_monsterinsights_sitenote_active":false,"_monsterinsights_sitenote_note":"","_monsterinsights_sitenote_category":0},"product_cat":[58],"product_tag":[],"_links":{"self":[{"href":"https:\/\/www.capsinternational.com\/pl\/wp-json\/wp\/v2\/product\/1531"}],"collection":[{"href":"https:\/\/www.capsinternational.com\/pl\/wp-json\/wp\/v2\/product"}],"about":[{"href":"https:\/\/www.capsinternational.com\/pl\/wp-json\/wp\/v2\/types\/product"}],"wp:featuredmedia":[{"embeddable":true,"href":"https:\/\/www.capsinternational.com\/pl\/wp-json\/wp\/v2\/media\/1128"}],"wp:attachment":[{"href":"https:\/\/www.capsinternational.com\/pl\/wp-json\/wp\/v2\/media?parent=1531"}],"wp:term":[{"taxonomy":"product_cat","embeddable":true,"href":"https:\/\/www.capsinternational.com\/pl\/wp-json\/wp\/v2\/product_cat?post=1531"},{"taxonomy":"product_tag","embeddable":true,"href":"https:\/\/www.capsinternational.com\/pl\/wp-json\/wp\/v2\/product_tag?post=1531"}],"curies":[{"name":"wp","href":"https:\/\/api.w.org\/{rel}","templated":true}]}}