{"id":1556,"date":"2015-06-02T11:07:59","date_gmt":"2015-06-02T10:07:59","guid":{"rendered":"https:\/\/www.capsinternational.com\/produkty-2\/"},"modified":"2024-04-19T13:43:58","modified_gmt":"2024-04-19T12:43:58","slug":"produkty-2","status":"publish","type":"page","link":"https:\/\/www.capsinternational.com\/pl\/produkty-2\/","title":{"rendered":"Produkty"},"content":{"rendered":"<p>[et_pb_section fb_built=&#8221;1&#8243; fullwidth=&#8221;on&#8221; _builder_version=&#8221;4.16&#8243; _module_preset=&#8221;default&#8221; global_colors_info=&#8221;{}&#8221;][et_pb_fullwidth_header title=&#8221;Produkty&#8221; _builder_version=&#8221;4.16&#8243; _module_preset=&#8221;default&#8221; title_font=&#8221;Montserrat|700|||||||&#8221; title_font_size=&#8221;50px&#8221; background_color=&#8221;#95a7c4&#8243; global_colors_info=&#8221;{}&#8221;][\/et_pb_fullwidth_header][\/et_pb_section][et_pb_section fb_built=&#8221;1&#8243; _builder_version=&#8221;4.16&#8243; _module_preset=&#8221;default&#8221; global_colors_info=&#8221;{}&#8221;][et_pb_row column_structure=&#8221;1_4,3_4&#8243; _builder_version=&#8221;4.16&#8243; _module_preset=&#8221;default&#8221; global_colors_info=&#8221;{}&#8221;][et_pb_column type=&#8221;1_4&#8243; _builder_version=&#8221;4.16&#8243; _module_preset=&#8221;default&#8221; global_colors_info=&#8221;{}&#8221;][et_pb_sidebar area=&#8221;sidebar-1&#8243; _builder_version=&#8221;4.16&#8243; _module_preset=&#8221;default&#8221; body_line_height=&#8221;2em&#8221; global_colors_info=&#8221;{}&#8221;][\/et_pb_sidebar][et_pb_text _builder_version=&#8221;4.16&#8243; _module_preset=&#8221;default&#8221; global_colors_info=&#8221;{}&#8221;]<\/p>\n<h3>ZATYCZKI<\/h3>\n<div class=\"textwidget\">Caps International jest dostawc\u0105 innowacyjnych, higienicznych materia\u0142\u00f3w eksploatacyjnych i system\u00f3w dla przemys\u0142u mi\u0119snego na ca\u0142ym \u015bwiecie. Caps International to innowacyjna firma kontroluj\u0105ca procesy produkcyjne. Caps International dostarcza produkty z magazynu, szybko i do ka\u017cdego miejsca na \u015bwiecie. Nasze g\u0142\u00f3wne obszary dzia\u0142alno\u015bci to uszczelnianie prze\u0142yku i zamykanie jelita cienkiego.    <\/div>\n<p>[\/et_pb_text][et_pb_image src=&#8221;https:\/\/www.capsinternational.com\/wp-content\/uploads\/2021\/06\/signature_logo-caps-300&#215;125.png&#8221; title_text=&#8221;signature_logo-caps&#8221; _builder_version=&#8221;4.16&#8243; _module_preset=&#8221;default&#8221; global_colors_info=&#8221;{}&#8221;][\/et_pb_image][\/et_pb_column][et_pb_column type=&#8221;3_4&#8243; _builder_version=&#8221;4.16&#8243; _module_preset=&#8221;default&#8221; global_colors_info=&#8221;{}&#8221;][et_pb_shop orderby=&#8221;menu_order&#8221; _builder_version=&#8221;4.19.0&#8243; _module_preset=&#8221;default&#8221; hover_enabled=&#8221;0&#8243; global_colors_info=&#8221;{}&#8221; sticky_enabled=&#8221;0&#8243; type=&#8221;product_category&#8221; include_categories=&#8221;8&#8243;][\/et_pb_shop][\/et_pb_column][\/et_pb_row][\/et_pb_section]<\/p>\n","protected":false},"excerpt":{"rendered":"<p>ZATYCZKI Caps International jest dostawc\u0105 innowacyjnych, higienicznych materia\u0142\u00f3w eksploatacyjnych i system\u00f3w dla przemys\u0142u mi\u0119snego na ca\u0142ym \u015bwiecie. Caps International to innowacyjna firma kontroluj\u0105ca procesy produkcyjne. Caps International dostarcza produkty z magazynu, szybko i do ka\u017cdego miejsca na \u015bwiecie. Nasze g\u0142\u00f3wne obszary dzia\u0142alno\u015bci to uszczelnianie prze\u0142yku i zamykanie jelita cienkiego.<\/p>\n","protected":false},"author":1,"featured_media":0,"parent":0,"menu_order":0,"comment_status":"closed","ping_status":"open","template":"","meta":{"_et_pb_use_builder":"on","_et_pb_old_content":"","_et_gb_content_width":"","_monsterinsights_skip_tracking":false,"_monsterinsights_sitenote_active":false,"_monsterinsights_sitenote_note":"","_monsterinsights_sitenote_category":0},"_links":{"self":[{"href":"https:\/\/www.capsinternational.com\/pl\/wp-json\/wp\/v2\/pages\/1556"}],"collection":[{"href":"https:\/\/www.capsinternational.com\/pl\/wp-json\/wp\/v2\/pages"}],"about":[{"href":"https:\/\/www.capsinternational.com\/pl\/wp-json\/wp\/v2\/types\/page"}],"author":[{"embeddable":true,"href":"https:\/\/www.capsinternational.com\/pl\/wp-json\/wp\/v2\/users\/1"}],"replies":[{"embeddable":true,"href":"https:\/\/www.capsinternational.com\/pl\/wp-json\/wp\/v2\/comments?post=1556"}],"version-history":[{"count":9,"href":"https:\/\/www.capsinternational.com\/pl\/wp-json\/wp\/v2\/pages\/1556\/revisions"}],"predecessor-version":[{"id":1630,"href":"https:\/\/www.capsinternational.com\/pl\/wp-json\/wp\/v2\/pages\/1556\/revisions\/1630"}],"wp:attachment":[{"href":"https:\/\/www.capsinternational.com\/pl\/wp-json\/wp\/v2\/media?parent=1556"}],"curies":[{"name":"wp","href":"https:\/\/api.w.org\/{rel}","templated":true}]}}