{"id":1377,"date":"2015-06-02T11:07:50","date_gmt":"2015-06-02T10:07:50","guid":{"rendered":"https:\/\/www.capsinternational.com\/o-czapkach\/"},"modified":"2024-04-19T11:33:57","modified_gmt":"2024-04-19T10:33:57","slug":"o-czapkach","status":"publish","type":"page","link":"https:\/\/www.capsinternational.com\/pl\/o-czapkach\/","title":{"rendered":"O czapkach"},"content":{"rendered":"<p>[vc_row top_padding=&#8221;80&#8243; bottom_padding=&#8221;80&#8243;][vc_column width=&#8221;2\/3&#8243;][vc_column_text]<\/p>\n<h3>SPRZ\u0118T POMOCNICZY I SPECJALISTYCZNE PRODUKTY DLA PROFESJONALNEGO PRZEMYS\u0141U UBOJOWEGO<\/h3>\n<p>Caps International jest dostawc\u0105 innowacyjnych, higienicznych materia\u0142\u00f3w eksploatacyjnych i system\u00f3w dla mi\u0119dzynarodowego przemys\u0142u mi\u0119snego.<\/p>\n<p>Caps International to innowacyjna firma z kontrol\u0105 nad procesami produkcyjnymi. Caps International dostarcza produkty z magazynu, szybko i globalnie.<\/p>\n<h4>Obszary zainteresowania:<\/h4>\n<ul>\n<li>Zamykanie kork\u00f3w\/blokowanie moczu<\/li>\n<li>\u0141asica \/ Uszczelnienie prze\u0142yku<\/li>\n<li>Uszczelnienie g\u0142owicy<\/li>\n<li>Znakowanie mi\u0119sa<\/li>\n<\/ul>\n<p>[\/vc_column_text][\/vc_column][vc_column width=&#8221;1\/3&#8243;][vc_column_text]<br \/>\n[\/vc_column_text][\/vc_column][\/vc_row][vc_row type=&#8221;full_width_section&#8221;][vc_column width=&#8221;1\/1&#8243;][minti_callout bgcolor=&#8221;#003461&#8243; textcolor=&#8221;#ffffff&#8221; buttontext=&#8221;CONTACT&#8221; url=&#8221;\/contact&#8221; buttoncolor=&#8221;color-4&#8243;]<\/p>\n<p>Bardziej szczeg\u00f3\u0142owe informacje o naszych produktach?<\/p>\n<p>[\/minti_callout][\/vc_column][\/vc_row]<\/p>\n","protected":false},"excerpt":{"rendered":"<p>[vc_row top_padding=&#8221;80&#8243; bottom_padding=&#8221;80&#8243;][vc_column width=&#8221;2\/3&#8243;][vc_column_text] SPRZ\u0118T POMOCNICZY I SPECJALISTYCZNE PRODUKTY DLA PROFESJONALNEGO PRZEMYS\u0141U UBOJOWEGO Caps International jest dostawc\u0105 innowacyjnych, higienicznych materia\u0142\u00f3w eksploatacyjnych i system\u00f3w dla mi\u0119dzynarodowego przemys\u0142u mi\u0119snego. Caps International to innowacyjna firma z kontrol\u0105 nad procesami produkcyjnymi. Caps International dostarcza produkty z magazynu, szybko i globalnie. Obszary zainteresowania: Zamykanie kork\u00f3w\/blokowanie moczu \u0141asica \/ Uszczelnienie prze\u0142yku [&hellip;]<\/p>\n","protected":false},"author":1,"featured_media":0,"parent":0,"menu_order":0,"comment_status":"open","ping_status":"open","template":"","meta":{"_et_pb_use_builder":"","_et_pb_old_content":"","_et_gb_content_width":"","_monsterinsights_skip_tracking":false,"_monsterinsights_sitenote_active":false,"_monsterinsights_sitenote_note":"","_monsterinsights_sitenote_category":0},"_links":{"self":[{"href":"https:\/\/www.capsinternational.com\/pl\/wp-json\/wp\/v2\/pages\/1377"}],"collection":[{"href":"https:\/\/www.capsinternational.com\/pl\/wp-json\/wp\/v2\/pages"}],"about":[{"href":"https:\/\/www.capsinternational.com\/pl\/wp-json\/wp\/v2\/types\/page"}],"author":[{"embeddable":true,"href":"https:\/\/www.capsinternational.com\/pl\/wp-json\/wp\/v2\/users\/1"}],"replies":[{"embeddable":true,"href":"https:\/\/www.capsinternational.com\/pl\/wp-json\/wp\/v2\/comments?post=1377"}],"version-history":[{"count":1,"href":"https:\/\/www.capsinternational.com\/pl\/wp-json\/wp\/v2\/pages\/1377\/revisions"}],"predecessor-version":[{"id":1397,"href":"https:\/\/www.capsinternational.com\/pl\/wp-json\/wp\/v2\/pages\/1377\/revisions\/1397"}],"wp:attachment":[{"href":"https:\/\/www.capsinternational.com\/pl\/wp-json\/wp\/v2\/media?parent=1377"}],"curies":[{"name":"wp","href":"https:\/\/api.w.org\/{rel}","templated":true}]}}