{"id":1529,"date":"2015-08-10T13:15:36","date_gmt":"2015-08-10T12:15:36","guid":{"rendered":"https:\/\/www.capsinternational.com\/product\/bungcloser-innovativo-sistema-a-clip\/"},"modified":"2024-04-19T14:02:48","modified_gmt":"2024-04-19T13:02:48","slug":"bungcloser-innovativo-sistema-a-clip","status":"publish","type":"product","link":"https:\/\/www.capsinternational.com\/it\/prodotto\/bungcloser-innovativo-sistema-a-clip\/","title":{"rendered":"Sistema innovativo Bungcloser Clipsystem"},"content":{"rendered":"<ul>\n<li>Numero articolo 1408<\/li>\n<li>Codice HS 3926909790<\/li>\n<li>\u2022 Nuovo clipsystem innovativo<\/li>\n<li>Per una insaccatura perfetta.<\/li>\n<li>Materiale: LDPE<\/li>\n<li>Dimensioni: 49 x 30 cm<\/li>\n<\/ul>\n","protected":false},"excerpt":{"rendered":"<h4>INSACCATURA E BLOCCO URINE CAPS CON SIGILLATURA STRING &amp; CLIP<\/h4>\n<p>Grazie al sistema String &amp; Clip di alta resistenza il sistema Bungclosure \u00e8 uno dei mezzi pi\u00f9 sicuri e pi\u00f9 rapidi di insaccatura e blocco urine.<\/p>\n<p>In consegna a blocchi perforati in confezioni da 50 pezzi, sono facili da appendere e da usare.<\/p>\n<div style=\"width: 1080px;\" class=\"wp-video\"><!--[if lt IE 9]><script>document.createElement('video');<\/script><![endif]-->\n<video class=\"wp-video-shortcode\" id=\"video-1529-1\" width=\"1080\" height=\"608\" preload=\"metadata\" controls=\"controls\"><source type=\"video\/mp4\" src=\"https:\/\/www.capsinternational.com\/wp-content\/uploads\/2022\/02\/Caps_instructie_video_v1.0.mp4?_=1\" \/><a href=\"https:\/\/www.capsinternational.com\/wp-content\/uploads\/2022\/02\/Caps_instructie_video_v1.0.mp4\">https:\/\/www.capsinternational.com\/wp-content\/uploads\/2022\/02\/Caps_instructie_video_v1.0.mp4<\/a><\/video><\/div>\n","protected":false},"featured_media":1103,"template":"","meta":{"_et_pb_use_builder":"","_et_pb_old_content":"","_et_gb_content_width":"","_monsterinsights_skip_tracking":false,"_monsterinsights_sitenote_active":false,"_monsterinsights_sitenote_note":"","_monsterinsights_sitenote_category":0},"product_cat":[56],"product_tag":[],"_links":{"self":[{"href":"https:\/\/www.capsinternational.com\/it\/wp-json\/wp\/v2\/product\/1529"}],"collection":[{"href":"https:\/\/www.capsinternational.com\/it\/wp-json\/wp\/v2\/product"}],"about":[{"href":"https:\/\/www.capsinternational.com\/it\/wp-json\/wp\/v2\/types\/product"}],"wp:featuredmedia":[{"embeddable":true,"href":"https:\/\/www.capsinternational.com\/it\/wp-json\/wp\/v2\/media\/1103"}],"wp:attachment":[{"href":"https:\/\/www.capsinternational.com\/it\/wp-json\/wp\/v2\/media?parent=1529"}],"wp:term":[{"taxonomy":"product_cat","embeddable":true,"href":"https:\/\/www.capsinternational.com\/it\/wp-json\/wp\/v2\/product_cat?post=1529"},{"taxonomy":"product_tag","embeddable":true,"href":"https:\/\/www.capsinternational.com\/it\/wp-json\/wp\/v2\/product_tag?post=1529"}],"curies":[{"name":"wp","href":"https:\/\/api.w.org\/{rel}","templated":true}]}}