{"id":1522,"date":"2015-06-03T08:43:40","date_gmt":"2015-06-03T07:43:40","guid":{"rendered":"https:\/\/www.capsinternational.com\/product\/bungcloser-classic-clipsystem\/"},"modified":"2024-02-21T10:20:59","modified_gmt":"2024-02-21T09:20:59","slug":"bungcloser-classic-clipsystem","status":"publish","type":"product","link":"https:\/\/www.capsinternational.com\/fr\/produit\/bungcloser-classic-clipsystem\/","title":{"rendered":"Bungcloser classic clipsystem"},"content":{"rendered":"<ul>\n<li>Num\u00e9ro d&rsquo;article 1401<\/li>\n<li>Code HS 3926909790<\/li>\n<li>Emballage 2000\/emballage<\/li>\n<li>Dimensions 49cm x 30cm x 0.03mm<\/li>\n<li>Mat\u00e9riau LDPE<\/li>\n<\/ul>\n","protected":false},"excerpt":{"rendered":"<p>50pcs\/emballage. Coch\u00e9 et perfor\u00e9, facile \u00e0 utiliser.<\/p>\n<div style=\"width: 1080px;\" class=\"wp-video\"><!--[if lt IE 9]><script>document.createElement('video');<\/script><![endif]-->\n<video class=\"wp-video-shortcode\" id=\"video-1522-1\" width=\"1080\" height=\"608\" preload=\"metadata\" controls=\"controls\"><source type=\"video\/mp4\" src=\"https:\/\/www.capsinternational.com\/wp-content\/uploads\/2022\/02\/Caps_instructie_video_v1.0.mp4?_=1\" \/><a href=\"https:\/\/www.capsinternational.com\/wp-content\/uploads\/2022\/02\/Caps_instructie_video_v1.0.mp4\">https:\/\/www.capsinternational.com\/wp-content\/uploads\/2022\/02\/Caps_instructie_video_v1.0.mp4<\/a><\/video><\/div>\n","protected":false},"featured_media":974,"template":"","meta":{"_et_pb_use_builder":"","_et_pb_old_content":"","_et_gb_content_width":"","_monsterinsights_skip_tracking":false,"_monsterinsights_sitenote_active":false,"_monsterinsights_sitenote_note":"","_monsterinsights_sitenote_category":0},"product_cat":[53],"product_tag":[],"_links":{"self":[{"href":"https:\/\/www.capsinternational.com\/fr\/wp-json\/wp\/v2\/product\/1522"}],"collection":[{"href":"https:\/\/www.capsinternational.com\/fr\/wp-json\/wp\/v2\/product"}],"about":[{"href":"https:\/\/www.capsinternational.com\/fr\/wp-json\/wp\/v2\/types\/product"}],"wp:featuredmedia":[{"embeddable":true,"href":"https:\/\/www.capsinternational.com\/fr\/wp-json\/wp\/v2\/media\/974"}],"wp:attachment":[{"href":"https:\/\/www.capsinternational.com\/fr\/wp-json\/wp\/v2\/media?parent=1522"}],"wp:term":[{"taxonomy":"product_cat","embeddable":true,"href":"https:\/\/www.capsinternational.com\/fr\/wp-json\/wp\/v2\/product_cat?post=1522"},{"taxonomy":"product_tag","embeddable":true,"href":"https:\/\/www.capsinternational.com\/fr\/wp-json\/wp\/v2\/product_tag?post=1522"}],"curies":[{"name":"wp","href":"https:\/\/api.w.org\/{rel}","templated":true}]}}