{"id":1520,"date":"2015-08-10T13:15:36","date_gmt":"2015-08-10T12:15:36","guid":{"rendered":"https:\/\/www.capsinternational.com\/product\/systeme-de-fermeture-innovant\/"},"modified":"2024-02-21T10:20:59","modified_gmt":"2024-02-21T09:20:59","slug":"systeme-de-fermeture-innovant","status":"publish","type":"product","link":"https:\/\/www.capsinternational.com\/fr\/produit\/systeme-de-fermeture-innovant\/","title":{"rendered":"Syst\u00e8me de fermeture innovant"},"content":{"rendered":"<ul>\n<li>Num\u00e9ro d&rsquo;article 1408<\/li>\n<li>Code HS 3926909790<\/li>\n<li>Nouveau syst\u00e8me de clips innovant<\/li>\n<li>Pour fermer la bonde tr\u00e8s herm\u00e9tiquement.<\/li>\n<li>Mat\u00e9riau : LDPE<\/li>\n<li>Dimensions : 49 x 30cm<\/li>\n<\/ul>\n","protected":false},"excerpt":{"rendered":"<h4>BOUCHON DE FERMETURE ET BLOQUEUR D&rsquo;URINE AVEC SYST\u00c8ME DE FICELLE ET DE CLIP<\/h4>\n<p>Gr\u00e2ce au syst\u00e8me String &amp; Clip tr\u00e8s solide, cette bonde est l&rsquo;un des syst\u00e8mes les plus s\u00fbrs et les plus rapides pour fermer la bonde et bloquer l&rsquo;urine.<\/p>\n<p>Comme nous les livrons bloqu\u00e9s et perfor\u00e9s par 50 pi\u00e8ces, ils sont faciles \u00e0 accrocher et \u00e0 utiliser.<\/p>\n<div style=\"width: 1080px;\" class=\"wp-video\"><!--[if lt IE 9]><script>document.createElement('video');<\/script><![endif]-->\n<video class=\"wp-video-shortcode\" id=\"video-1520-1\" width=\"1080\" height=\"608\" preload=\"metadata\" controls=\"controls\"><source type=\"video\/mp4\" src=\"https:\/\/www.capsinternational.com\/wp-content\/uploads\/2022\/02\/Caps_instructie_video_v1.0.mp4?_=1\" \/><a href=\"https:\/\/www.capsinternational.com\/wp-content\/uploads\/2022\/02\/Caps_instructie_video_v1.0.mp4\">https:\/\/www.capsinternational.com\/wp-content\/uploads\/2022\/02\/Caps_instructie_video_v1.0.mp4<\/a><\/video><\/div>\n","protected":false},"featured_media":1102,"template":"","meta":{"_et_pb_use_builder":"","_et_pb_old_content":"","_et_gb_content_width":"","_monsterinsights_skip_tracking":false,"_monsterinsights_sitenote_active":false,"_monsterinsights_sitenote_note":"","_monsterinsights_sitenote_category":0},"product_cat":[53],"product_tag":[],"_links":{"self":[{"href":"https:\/\/www.capsinternational.com\/fr\/wp-json\/wp\/v2\/product\/1520"}],"collection":[{"href":"https:\/\/www.capsinternational.com\/fr\/wp-json\/wp\/v2\/product"}],"about":[{"href":"https:\/\/www.capsinternational.com\/fr\/wp-json\/wp\/v2\/types\/product"}],"wp:featuredmedia":[{"embeddable":true,"href":"https:\/\/www.capsinternational.com\/fr\/wp-json\/wp\/v2\/media\/1102"}],"wp:attachment":[{"href":"https:\/\/www.capsinternational.com\/fr\/wp-json\/wp\/v2\/media?parent=1520"}],"wp:term":[{"taxonomy":"product_cat","embeddable":true,"href":"https:\/\/www.capsinternational.com\/fr\/wp-json\/wp\/v2\/product_cat?post=1520"},{"taxonomy":"product_tag","embeddable":true,"href":"https:\/\/www.capsinternational.com\/fr\/wp-json\/wp\/v2\/product_tag?post=1520"}],"curies":[{"name":"wp","href":"https:\/\/api.w.org\/{rel}","templated":true}]}}