{"id":1542,"date":"2015-06-02T11:07:59","date_gmt":"2015-06-02T10:07:59","guid":{"rendered":"https:\/\/www.capsinternational.com\/produits-2\/"},"modified":"2024-02-23T00:09:29","modified_gmt":"2024-02-22T23:09:29","slug":"produits-2","status":"publish","type":"page","link":"https:\/\/www.capsinternational.com\/fr\/produits-2\/","title":{"rendered":"Produits"},"content":{"rendered":"<p>[et_pb_section fb_built=\u00a0\u00bb1&Prime; fullwidth=\u00a0\u00bbon\u00a0\u00bb _builder_version=\u00a0\u00bb4.16&Prime; _module_preset=\u00a0\u00bbdefault\u00a0\u00bb global_colors_info=\u00a0\u00bb{}\u00a0\u00bb][et_pb_fullwidth_header title=\u00a0\u00bbProduits\u00a0\u00bb _builder_version=\u00a0\u00bb4.16&Prime; _module_preset=\u00a0\u00bbdefault\u00a0\u00bb title_font=\u00a0\u00bbMontserrat|700|||||||\u00a0\u00bb title_font_size=\u00a0\u00bb50px\u00a0\u00bb background_color=\u00a0\u00bb#95a7c4&Prime; global_colors_info=\u00a0\u00bb{}\u00a0\u00bb][\/et_pb_fullwidth_header][\/et_pb_section][et_pb_section fb_built=\u00a0\u00bb1&Prime; _builder_version=\u00a0\u00bb4.16&Prime; _module_preset=\u00a0\u00bbdefault\u00a0\u00bb global_colors_info=\u00a0\u00bb{}\u00a0\u00bb][et_pb_row column_structure=\u00a0\u00bb1_4,3_4&Prime; _builder_version=\u00a0\u00bb4.16&Prime; _module_preset=\u00a0\u00bbdefault\u00a0\u00bb global_colors_info=\u00a0\u00bb{}\u00a0\u00bb][et_pb_column type=\u00a0\u00bb1_4&Prime; _builder_version=\u00a0\u00bb4.16&Prime; _module_preset=\u00a0\u00bbdefault\u00a0\u00bb global_colors_info=\u00a0\u00bb{}\u00a0\u00bb][et_pb_sidebar area=\u00a0\u00bbsidebar-1&Prime; _builder_version=\u00a0\u00bb4.16&Prime; _module_preset=\u00a0\u00bbdefault\u00a0\u00bb body_line_height=\u00a0\u00bb2em\u00a0\u00bb global_colors_info=\u00a0\u00bb{}\u00a0\u00bb][\/et_pb_sidebar][et_pb_text _builder_version=\u00a0\u00bb4.16&Prime; _module_preset=\u00a0\u00bbdefault\u00a0\u00bb global_colors_info=\u00a0\u00bb{}\u00a0\u00bb]<\/p>\n<h3>PRODUITS DE CAPS<\/h3>\n<div class=\"textwidget\">Caps International est un fournisseur de consommables et syst\u00e8mes hygi\u00e9niques innovants \u00e0 destination de l&rsquo;industrie internationale de la viande. Caps International est une entreprise innovante qui contr\u00f4le ses processus de production. Caps International livre directement depuis le stock, rapidement et partout dans le monde. Nous sommes sp\u00e9cialis\u00e9s dans le bouchage de \u0153sophage et du rectum par bouchon et ligature. <\/div>\n<p>[\/et_pb_text][et_pb_image src=\u00a0\u00bbhttps:\/\/www.capsinternational.com\/wp-content\/uploads\/2021\/06\/signature_logo-caps-300&#215;125.png\u00a0\u00bb title_text=\u00a0\u00bbsignature_logo-caps\u00a0\u00bb _builder_version=\u00a0\u00bb4.16&Prime; _module_preset=\u00a0\u00bbdefault\u00a0\u00bb global_colors_info=\u00a0\u00bb{}\u00a0\u00bb][\/et_pb_image][\/et_pb_column][et_pb_column type=\u00a0\u00bb3_4&Prime; _builder_version=\u00a0\u00bb4.16&Prime; _module_preset=\u00a0\u00bbdefault\u00a0\u00bb global_colors_info=\u00a0\u00bb{}\u00a0\u00bb][et_pb_shop orderby=\u00a0\u00bbmenu_order\u00a0\u00bb _builder_version=\u00a0\u00bb4.19.0&Prime; _module_preset=\u00a0\u00bbdefault\u00a0\u00bb hover_enabled=\u00a0\u00bb0&Prime; global_colors_info=\u00a0\u00bb{}\u00a0\u00bb sticky_enabled=\u00a0\u00bb0&Prime; type=\u00a0\u00bbproduct_category\u00a0\u00bb include_categories=\u00a0\u00bb8&Prime;][\/et_pb_shop][\/et_pb_column][\/et_pb_row][\/et_pb_section]<\/p>\n","protected":false},"excerpt":{"rendered":"<p>PRODUITS DE CAPS Caps International est un fournisseur de consommables et syst\u00e8mes hygi\u00e9niques innovants \u00e0 destination de l&rsquo;industrie internationale de la viande. Caps International est une entreprise innovante qui contr\u00f4le ses processus de production. Caps International livre directement depuis le stock, rapidement et partout dans le monde. Nous sommes sp\u00e9cialis\u00e9s dans le bouchage de \u0153sophage [&hellip;]<\/p>\n","protected":false},"author":1,"featured_media":0,"parent":0,"menu_order":0,"comment_status":"closed","ping_status":"open","template":"","meta":{"_et_pb_use_builder":"on","_et_pb_old_content":"","_et_gb_content_width":"","_monsterinsights_skip_tracking":false,"_monsterinsights_sitenote_active":false,"_monsterinsights_sitenote_note":"","_monsterinsights_sitenote_category":0},"_links":{"self":[{"href":"https:\/\/www.capsinternational.com\/fr\/wp-json\/wp\/v2\/pages\/1542"}],"collection":[{"href":"https:\/\/www.capsinternational.com\/fr\/wp-json\/wp\/v2\/pages"}],"about":[{"href":"https:\/\/www.capsinternational.com\/fr\/wp-json\/wp\/v2\/types\/page"}],"author":[{"embeddable":true,"href":"https:\/\/www.capsinternational.com\/fr\/wp-json\/wp\/v2\/users\/1"}],"replies":[{"embeddable":true,"href":"https:\/\/www.capsinternational.com\/fr\/wp-json\/wp\/v2\/comments?post=1542"}],"version-history":[{"count":10,"href":"https:\/\/www.capsinternational.com\/fr\/wp-json\/wp\/v2\/pages\/1542\/revisions"}],"predecessor-version":[{"id":1568,"href":"https:\/\/www.capsinternational.com\/fr\/wp-json\/wp\/v2\/pages\/1542\/revisions\/1568"}],"wp:attachment":[{"href":"https:\/\/www.capsinternational.com\/fr\/wp-json\/wp\/v2\/media?parent=1542"}],"curies":[{"name":"wp","href":"https:\/\/api.w.org\/{rel}","templated":true}]}}