{"id":1536,"date":"2021-07-18T11:47:20","date_gmt":"2021-07-18T10:47:20","guid":{"rendered":"https:\/\/www.capsinternational.com\/product\/bungcloser-classic-clipsystem-pequeno\/"},"modified":"2024-02-21T10:21:07","modified_gmt":"2024-02-21T09:21:07","slug":"bungcloser-classic-clipsystem-pequeno","status":"publish","type":"product","link":"https:\/\/www.capsinternational.com\/es\/producto\/bungcloser-classic-clipsystem-pequeno\/","title":{"rendered":"Bungcloser classic clipsystem &#8211; peque\u00f1o"},"content":{"rendered":"<ul>\n<li>N\u00famero de art\u00edculo 1406<\/li>\n<li>C\u00f3digo SA 3926909790<\/li>\n<li>Paquete 2000\/paquete<\/li>\n<li>Dimensiones 37 cm x 22 cm x 0,03 mm<\/li>\n<li>Material LDPE<\/li>\n<\/ul>\n","protected":false},"excerpt":{"rendered":"<p>N\u00famero de art\u00edculo 1406 C\u00f3digo SA 3926909790 Paquete 2000\/paquete Dimensiones 37 cm x 22 cm x 0,03 mm Material LDPE<\/p>\n","protected":false},"featured_media":1320,"template":"","meta":{"_et_pb_use_builder":"","_et_pb_old_content":"","_et_gb_content_width":"","_monsterinsights_skip_tracking":false,"_monsterinsights_sitenote_active":false,"_monsterinsights_sitenote_note":"","_monsterinsights_sitenote_category":0},"product_cat":[59],"product_tag":[],"_links":{"self":[{"href":"https:\/\/www.capsinternational.com\/es\/wp-json\/wp\/v2\/product\/1536"}],"collection":[{"href":"https:\/\/www.capsinternational.com\/es\/wp-json\/wp\/v2\/product"}],"about":[{"href":"https:\/\/www.capsinternational.com\/es\/wp-json\/wp\/v2\/types\/product"}],"wp:featuredmedia":[{"embeddable":true,"href":"https:\/\/www.capsinternational.com\/es\/wp-json\/wp\/v2\/media\/1320"}],"wp:attachment":[{"href":"https:\/\/www.capsinternational.com\/es\/wp-json\/wp\/v2\/media?parent=1536"}],"wp:term":[{"taxonomy":"product_cat","embeddable":true,"href":"https:\/\/www.capsinternational.com\/es\/wp-json\/wp\/v2\/product_cat?post=1536"},{"taxonomy":"product_tag","embeddable":true,"href":"https:\/\/www.capsinternational.com\/es\/wp-json\/wp\/v2\/product_tag?post=1536"}],"curies":[{"name":"wp","href":"https:\/\/api.w.org\/{rel}","templated":true}]}}