{"id":1304,"date":"2015-06-02T11:07:59","date_gmt":"2015-06-02T10:07:59","guid":{"rendered":"https:\/\/www.capsinternational.com\/productos\/"},"modified":"2024-02-21T10:02:58","modified_gmt":"2024-02-21T09:02:58","slug":"productos","status":"publish","type":"page","link":"https:\/\/www.capsinternational.com\/es\/productos\/","title":{"rendered":"Productos"},"content":{"rendered":"<p>[et_pb_section fb_built=\u00bb1&#8243; fullwidth=\u00bbon\u00bb _builder_version=\u00bb4.16&#8243; _module_preset=\u00bbdefault\u00bb global_colors_info=\u00bb{}\u00bb][et_pb_fullwidth_header title=\u00bbProductos\u00bb _builder_version=\u00bb4.16&#8243; _module_preset=\u00bbdefault\u00bb title_font=\u00bbMontserrat|700|||||||\u00bb title_font_size=\u00bb50px\u00bb background_color=\u00bb#95a7c4&#8243; global_colors_info=\u00bb{}\u00bb][\/et_pb_fullwidth_header][\/et_pb_section][et_pb_section fb_built=\u00bb1&#8243; _builder_version=\u00bb4.16&#8243; _module_preset=\u00bbdefault\u00bb global_colors_info=\u00bb{}\u00bb][et_pb_row column_structure=\u00bb1_4,3_4&#8243; _builder_version=\u00bb4.16&#8243; _module_preset=\u00bbdefault\u00bb global_colors_info=\u00bb{}\u00bb][et_pb_column type=\u00bb1_4&#8243; _builder_version=\u00bb4.16&#8243; _module_preset=\u00bbdefault\u00bb global_colors_info=\u00bb{}\u00bb][et_pb_sidebar area=\u00bbsidebar-1&#8243; _builder_version=\u00bb4.16&#8243; _module_preset=\u00bbdefault\u00bb body_line_height=\u00bb2em\u00bb global_colors_info=\u00bb{}\u00bb][\/et_pb_sidebar][et_pb_text _builder_version=\u00bb4.16&#8243; _module_preset=\u00bbdefault\u00bb global_colors_info=\u00bb{}\u00bb]<\/p>\n<h3>PRODUCTOS CAPS<\/h3>\n<div class=\"textwidget\">Caps International es un proveedor de consumibles y sistemas innovadores e higi\u00e9nicos para la industria c\u00e1rnica internacional. Es una empresa que apuesta por la innovaci\u00f3n y que controla los procesos de producci\u00f3n. Adem\u00e1s, suministra directamente desde la f\u00e1brica y ofrece un servicio r\u00e1pido en todo el mundo. Nuestras principales \u00e1reas son el sellado de es\u00f3fagos y el cierre de rectos.    <\/div>\n<p>[\/et_pb_text][et_pb_image src=\u00bbhttps:\/\/www.capsinternational.com\/wp-content\/uploads\/2021\/06\/signature_logo-caps-300&#215;125.png\u00bb title_text=\u00bbsignature_logo-caps\u00bb _builder_version=\u00bb4.16&#8243; _module_preset=\u00bbdefault\u00bb global_colors_info=\u00bb{}\u00bb][\/et_pb_image][\/et_pb_column][et_pb_column type=\u00bb3_4&#8243; _builder_version=\u00bb4.16&#8243; _module_preset=\u00bbdefault\u00bb global_colors_info=\u00bb{}\u00bb][et_pb_shop orderby=\u00bbmenu_order\u00bb _builder_version=\u00bb4.19.0&#8243; _module_preset=\u00bbdefault\u00bb hover_enabled=\u00bb0&#8243; global_colors_info=\u00bb{}\u00bb sticky_enabled=\u00bb0&#8243; type=\u00bbproduct_category\u00bb include_categories=\u00bb8&#8243;][\/et_pb_shop][\/et_pb_column][\/et_pb_row][\/et_pb_section]<\/p>\n","protected":false},"excerpt":{"rendered":"<p>PRODUCTOS CAPS Caps International es un proveedor de consumibles y sistemas innovadores e higi\u00e9nicos para la industria c\u00e1rnica internacional. Es una empresa que apuesta por la innovaci\u00f3n y que controla los procesos de producci\u00f3n. Adem\u00e1s, suministra directamente desde la f\u00e1brica y ofrece un servicio r\u00e1pido en todo el mundo. Nuestras principales \u00e1reas son el sellado [&hellip;]<\/p>\n","protected":false},"author":1,"featured_media":0,"parent":0,"menu_order":0,"comment_status":"closed","ping_status":"open","template":"","meta":{"_et_pb_use_builder":"on","_et_pb_old_content":"","_et_gb_content_width":"","_monsterinsights_skip_tracking":false,"_monsterinsights_sitenote_active":false,"_monsterinsights_sitenote_note":"","_monsterinsights_sitenote_category":0},"_links":{"self":[{"href":"https:\/\/www.capsinternational.com\/es\/wp-json\/wp\/v2\/pages\/1304"}],"collection":[{"href":"https:\/\/www.capsinternational.com\/es\/wp-json\/wp\/v2\/pages"}],"about":[{"href":"https:\/\/www.capsinternational.com\/es\/wp-json\/wp\/v2\/types\/page"}],"author":[{"embeddable":true,"href":"https:\/\/www.capsinternational.com\/es\/wp-json\/wp\/v2\/users\/1"}],"replies":[{"embeddable":true,"href":"https:\/\/www.capsinternational.com\/es\/wp-json\/wp\/v2\/comments?post=1304"}],"version-history":[{"count":9,"href":"https:\/\/www.capsinternational.com\/es\/wp-json\/wp\/v2\/pages\/1304\/revisions"}],"predecessor-version":[{"id":1488,"href":"https:\/\/www.capsinternational.com\/es\/wp-json\/wp\/v2\/pages\/1304\/revisions\/1488"}],"wp:attachment":[{"href":"https:\/\/www.capsinternational.com\/es\/wp-json\/wp\/v2\/media?parent=1304"}],"curies":[{"name":"wp","href":"https:\/\/api.w.org\/{rel}","templated":true}]}}